{"id":103,"date":"2023-02-03T13:00:45","date_gmt":"2023-02-03T13:00:45","guid":{"rendered":"https:\/\/canadascreenandshade.ca\/?page_id=103"},"modified":"2023-03-10T12:24:42","modified_gmt":"2023-03-10T12:24:42","slug":"about","status":"publish","type":"page","link":"https:\/\/canadascreenandshade.ca\/fr\/about\/","title":{"rendered":"\u00c0 propos"},"content":{"rendered":"<div data-elementor-type=\"wp-page\" data-elementor-id=\"103\" class=\"elementor elementor-103\" data-elementor-settings=\"{&quot;ha_cmc_init_switcher&quot;:&quot;no&quot;}\" data-elementor-post-type=\"page\">\n\t\t\t\t\t\t<section class=\"elementor-section elementor-top-section elementor-element elementor-element-8a7d6ff elementor-section-height-min-height elementor-section-boxed elementor-section-height-default elementor-section-items-middle\" data-id=\"8a7d6ff\" data-element_type=\"section\" data-e-type=\"section\" data-settings=\"{&quot;background_background&quot;:&quot;classic&quot;,&quot;_ha_eqh_enable&quot;:false}\">\n\t\t\t\t\t\t\t<div class=\"elementor-background-overlay\"><\/div>\n\t\t\t\t\t\t\t<div class=\"elementor-container elementor-column-gap-no\">\n\t\t\t\t\t<div class=\"elementor-column elementor-col-100 elementor-top-column elementor-element elementor-element-7ac8413\" data-id=\"7ac8413\" data-element_type=\"column\" data-e-type=\"column\">\n\t\t\t<div class=\"elementor-widget-wrap elementor-element-populated\">\n\t\t\t\t\t\t<div class=\"elementor-element elementor-element-0e63547 elementor-widget elementor-widget-heading\" data-id=\"0e63547\" data-element_type=\"widget\" data-e-type=\"widget\" data-widget_type=\"heading.default\">\n\t\t\t\t<div class=\"elementor-widget-container\">\n\t\t\t\t\t<h2 class=\"elementor-heading-title elementor-size-default\">\u00c0 propos de nous<\/h2>\t\t\t\t<\/div>\n\t\t\t\t<\/div>\n\t\t\t\t<div class=\"elementor-element elementor-element-28319a2 elementor-align-center elementor-widget elementor-widget-breadcrumbs\" data-id=\"28319a2\" data-element_type=\"widget\" data-e-type=\"widget\" data-widget_type=\"breadcrumbs.default\">\n\t\t\t\t<div class=\"elementor-widget-container\">\n\t\t\t\t\t<p id=\"breadcrumbs\"><span><span><a href=\"https:\/\/canadascreenandshade.ca\/fr\/\">Maison<\/a><\/span><\/span><\/p>\t\t\t\t<\/div>\n\t\t\t\t<\/div>\n\t\t\t\t\t<\/div>\n\t\t<\/div>\n\t\t\t\t\t<\/div>\n\t\t<\/section>\n\t\t\t\t<section class=\"elementor-section elementor-top-section elementor-element elementor-element-8379821 elementor-reverse-tablet elementor-reverse-mobile elementor-section-boxed elementor-section-height-default elementor-section-height-default\" data-id=\"8379821\" data-element_type=\"section\" data-e-type=\"section\" data-settings=\"{&quot;background_background&quot;:&quot;classic&quot;,&quot;_ha_eqh_enable&quot;:false}\">\n\t\t\t\t\t\t<div class=\"elementor-container elementor-column-gap-no\">\n\t\t\t\t\t<div class=\"elementor-column elementor-col-50 elementor-top-column elementor-element elementor-element-3778f71\" data-id=\"3778f71\" data-element_type=\"column\" data-e-type=\"column\">\n\t\t\t<div class=\"elementor-widget-wrap elementor-element-populated\">\n\t\t\t\t\t\t<div class=\"elementor-element elementor-element-90403ba elementor-widget elementor-widget-image\" data-id=\"90403ba\" data-element_type=\"widget\" data-e-type=\"widget\" data-widget_type=\"image.default\">\n\t\t\t\t<div class=\"elementor-widget-container\">\n\t\t\t\t\t\t\t\t\t\t\t\t\t\t\t<img fetchpriority=\"high\" decoding=\"async\" width=\"800\" height=\"627\" src=\"https:\/\/canadascreenandshade.ca\/wp-content\/uploads\/2023\/02\/37583734_1900982696630346_6494776238509391872_n-1-1024x802.jpeg\" class=\"attachment-large size-large wp-image-887\" alt=\"\" srcset=\"https:\/\/canadascreenandshade.ca\/wp-content\/uploads\/2023\/02\/37583734_1900982696630346_6494776238509391872_n-1-1024x802.jpeg 1024w, https:\/\/canadascreenandshade.ca\/wp-content\/uploads\/2023\/02\/37583734_1900982696630346_6494776238509391872_n-1-300x235.jpeg 300w, https:\/\/canadascreenandshade.ca\/wp-content\/uploads\/2023\/02\/37583734_1900982696630346_6494776238509391872_n-1-768x601.jpeg 768w, https:\/\/canadascreenandshade.ca\/wp-content\/uploads\/2023\/02\/37583734_1900982696630346_6494776238509391872_n-1.jpeg 1276w\" sizes=\"(max-width: 800px) 100vw, 800px\" \/>\t\t\t\t\t\t\t\t\t\t\t\t\t\t\t<\/div>\n\t\t\t\t<\/div>\n\t\t\t\t\t<\/div>\n\t\t<\/div>\n\t\t\t\t<div class=\"elementor-column elementor-col-50 elementor-top-column elementor-element elementor-element-30f26da\" data-id=\"30f26da\" data-element_type=\"column\" data-e-type=\"column\" data-settings=\"{&quot;background_background&quot;:&quot;classic&quot;}\">\n\t\t\t<div class=\"elementor-widget-wrap elementor-element-populated\">\n\t\t\t\t\t\t<div class=\"elementor-element elementor-element-511e25d elementor-widget__width-auto elementor-widget elementor-widget-heading\" data-id=\"511e25d\" data-element_type=\"widget\" data-e-type=\"widget\" data-widget_type=\"heading.default\">\n\t\t\t\t<div class=\"elementor-widget-container\">\n\t\t\t\t\t<h2 class=\"elementor-heading-title elementor-size-default\">\u00c0 propos de nous<\/h2>\t\t\t\t<\/div>\n\t\t\t\t<\/div>\n\t\t\t\t<div class=\"elementor-element elementor-element-fa5224b elementor-widget__width-auto elementor-widget-divider--view-line elementor-widget elementor-widget-divider\" data-id=\"fa5224b\" data-element_type=\"widget\" data-e-type=\"widget\" data-widget_type=\"divider.default\">\n\t\t\t\t<div class=\"elementor-widget-container\">\n\t\t\t\t\t\t\t<div class=\"elementor-divider\">\n\t\t\t<span class=\"elementor-divider-separator\">\n\t\t\t\t\t\t<\/span>\n\t\t<\/div>\n\t\t\t\t\t\t<\/div>\n\t\t\t\t<\/div>\n\t\t\t\t<div class=\"elementor-element elementor-element-e265474 elementor-widget elementor-widget-heading\" data-id=\"e265474\" data-element_type=\"widget\" data-e-type=\"widget\" data-widget_type=\"heading.default\">\n\t\t\t\t<div class=\"elementor-widget-container\">\n\t\t\t\t\t<h2 class=\"elementor-heading-title elementor-size-default\">\u00c0 propos de Canada Screen &amp; Shade<\/h2>\t\t\t\t<\/div>\n\t\t\t\t<\/div>\n\t\t\t\t<div class=\"elementor-element elementor-element-f2cdd63 elementor-widget elementor-widget-text-editor\" data-id=\"f2cdd63\" data-element_type=\"widget\" data-e-type=\"widget\" data-widget_type=\"text-editor.default\">\n\t\t\t\t<div class=\"elementor-widget-container\">\n\t\t\t\t\t\t\t\t\t<p style=\"font-weight: 400;\">Canada Screen and Shade est une fi\u00e8re entreprise familiale avec plus de 40 ans d&#039;exp\u00e9rience dans l&#039;industrie de la fenestration. Il n&#039;y a pas grand-chose que nous ne puissions pas faire en termes de fourniture d&#039;une solution d&#039;\u00e9cran et d&#039;ombrage.<\/p><p>Notre sp\u00e9cialit\u00e9 est de fournir \u00e0 nos clients l&#039;exp\u00e9rience de vie en plein air ultime en leur permettant de profiter de leur porche, terrasse ou patio comme jamais auparavant. Non seulement nous fournissons des produits haut de gamme dans le secteur des \u00e9crans et des stores, mais nous nous tenons \u00e9galement aux normes les plus \u00e9lev\u00e9es de service \u00e0 la client\u00e8le.<\/p><p style=\"font-weight: 400;\">Canada Screen and Shade est une division de DSM Inc en affaires depuis plus de 26 ans. Depuis 1996, nous avons \u00e9volu\u00e9 pour devenir la premi\u00e8re entreprise d&#039;\u00e9crans au Canada avec une large gamme d&#039;\u00e9crans et de produits d&#039;ombrage. Veuillez prendre un moment pour parcourir notre site et vous serez \u00e9tonn\u00e9 de ce qui existe dans le monde de l&#039;\u00e9cran et de l&#039;ombre.<\/p><p style=\"font-weight: 400;\">C&#039;est, c&#039;est et ce sera toujours un plaisir de vous servir.<\/p>\t\t\t\t\t\t\t\t<\/div>\n\t\t\t\t<\/div>\n\t\t\t\t<div class=\"elementor-element elementor-element-1ad3cb3 elementor-widget elementor-widget-image\" data-id=\"1ad3cb3\" data-element_type=\"widget\" data-e-type=\"widget\" data-widget_type=\"image.default\">\n\t\t\t\t<div class=\"elementor-widget-container\">\n\t\t\t\t\t\t\t\t\t\t\t\t\t\t\t<img decoding=\"async\" width=\"244\" height=\"78\" src=\"https:\/\/canadascreenandshade.ca\/wp-content\/uploads\/2023\/02\/Snip-2023-02-19-16.23.27.jpg\" class=\"attachment-large size-large wp-image-864\" alt=\"\" \/>\t\t\t\t\t\t\t\t\t\t\t\t\t\t\t<\/div>\n\t\t\t\t<\/div>\n\t\t\t\t<div class=\"elementor-element elementor-element-136bb52 elementor-widget elementor-widget-text-editor\" data-id=\"136bb52\" data-element_type=\"widget\" data-e-type=\"widget\" data-widget_type=\"text-editor.default\">\n\t\t\t\t<div class=\"elementor-widget-container\">\n\t\t\t\t\t\t\t\t\t<p>Pr\u00e9sident<\/p>\t\t\t\t\t\t\t\t<\/div>\n\t\t\t\t<\/div>\n\t\t\t\t\t<\/div>\n\t\t<\/div>\n\t\t\t\t\t<\/div>\n\t\t<\/section>\n\t\t\t\t<section class=\"elementor-section elementor-top-section elementor-element elementor-element-3263a93 elementor-section-content-middle elementor-section-boxed elementor-section-height-default elementor-section-height-default\" data-id=\"3263a93\" data-element_type=\"section\" data-e-type=\"section\" data-settings=\"{&quot;background_background&quot;:&quot;classic&quot;,&quot;_ha_eqh_enable&quot;:false}\">\n\t\t\t\t\t\t<div class=\"elementor-container elementor-column-gap-no\">\n\t\t\t\t\t<div class=\"elementor-column elementor-col-50 elementor-top-column elementor-element elementor-element-001af9b\" data-id=\"001af9b\" data-element_type=\"column\" data-e-type=\"column\">\n\t\t\t<div class=\"elementor-widget-wrap elementor-element-populated\">\n\t\t\t\t\t\t<div class=\"elementor-element elementor-element-7e5fb29 elementor-widget elementor-widget-heading\" data-id=\"7e5fb29\" data-element_type=\"widget\" data-e-type=\"widget\" data-widget_type=\"heading.default\">\n\t\t\t\t<div class=\"elementor-widget-container\">\n\t\t\t\t\t<h2 class=\"elementor-heading-title elementor-size-default\">Demandez un devis aujourd&#039;hui<\/h2>\t\t\t\t<\/div>\n\t\t\t\t<\/div>\n\t\t\t\t<div class=\"elementor-element elementor-element-57d0da5 elementor-widget elementor-widget-text-editor\" data-id=\"57d0da5\" data-element_type=\"widget\" data-e-type=\"widget\" data-widget_type=\"text-editor.default\">\n\t\t\t\t<div class=\"elementor-widget-container\">\n\t\t\t\t\t\t\t\t\t<p>Vous recherchez des services d&#039;installation d&#039;\u00e9crans et de stores de qualit\u00e9? Contactez-nous d\u00e8s aujourd&#039;hui pour un devis personnalis\u00e9. Notre \u00e9quipe de professionnels exp\u00e9riment\u00e9s se consacre \u00e0 fournir un service exceptionnel et des produits de haute qualit\u00e9 pour r\u00e9pondre \u00e0 vos besoins.<\/p>\t\t\t\t\t\t\t\t<\/div>\n\t\t\t\t<\/div>\n\t\t\t\t\t<\/div>\n\t\t<\/div>\n\t\t\t\t<div class=\"elementor-column elementor-col-50 elementor-top-column elementor-element elementor-element-14e3347\" data-id=\"14e3347\" data-element_type=\"column\" data-e-type=\"column\">\n\t\t\t<div class=\"elementor-widget-wrap elementor-element-populated\">\n\t\t\t\t\t\t<div class=\"elementor-element elementor-element-6947e25 elementor-align-right elementor-mobile-align-center elementor-tablet-align-center elementor-widget elementor-widget-button\" data-id=\"6947e25\" data-element_type=\"widget\" data-e-type=\"widget\" data-widget_type=\"button.default\">\n\t\t\t\t<div class=\"elementor-widget-container\">\n\t\t\t\t\t\t\t\t\t<div class=\"elementor-button-wrapper\">\n\t\t\t\t\t<a class=\"elementor-button elementor-button-link elementor-size-sm\" href=\"https:\/\/canadascreenandshade.ca\/fr\/contact\/\">\n\t\t\t\t\t\t<span class=\"elementor-button-content-wrapper\">\n\t\t\t\t\t\t\t\t\t<span class=\"elementor-button-text\">Demander un devis<\/span>\n\t\t\t\t\t<\/span>\n\t\t\t\t\t<\/a>\n\t\t\t\t<\/div>\n\t\t\t\t\t\t\t\t<\/div>\n\t\t\t\t<\/div>\n\t\t\t\t\t<\/div>\n\t\t<\/div>\n\t\t\t\t\t<\/div>\n\t\t<\/section>\n\t\t\t\t<\/div>","protected":false},"excerpt":{"rendered":"<p>About Us About Us About Canada Screen &#038; Shade Canada Screen and Shade is a proud family business with more than 40 years of experience in the fenestration industry. There is not much that we can\u2019t do in terms of providing a screen and shade solution. We specialize in providing our customers with the ultimate [&hellip;]<\/p>\n","protected":false},"author":1,"featured_media":0,"parent":0,"menu_order":0,"comment_status":"closed","ping_status":"closed","template":"","meta":{"footnotes":""},"class_list":["post-103","page","type-page","status-publish","hentry"],"yoast_head":"<!-- This site is optimized with the Yoast SEO plugin v27.3 - https:\/\/yoast.com\/product\/yoast-seo-wordpress\/ -->\n<title>About - Canadian Screen &amp; Shade<\/title>\n<meta name=\"robots\" content=\"index, follow, max-snippet:-1, max-image-preview:large, max-video-preview:-1\" \/>\n<link rel=\"canonical\" href=\"https:\/\/canadascreenandshade.ca\/fr\/about\/\" \/>\n<meta property=\"og:locale\" content=\"fr_CA\" \/>\n<meta property=\"og:type\" content=\"article\" \/>\n<meta property=\"og:title\" content=\"About - Canadian Screen &amp; Shade\" \/>\n<meta property=\"og:description\" content=\"About Us About Us About Canada Screen &#038; Shade Canada Screen and Shade is a proud family business with more than 40 years of experience in the fenestration industry. There is not much that we can\u2019t do in terms of providing a screen and shade solution. We specialize in providing our customers with the ultimate [&hellip;]\" \/>\n<meta property=\"og:url\" content=\"https:\/\/canadascreenandshade.ca\/fr\/about\/\" \/>\n<meta property=\"og:site_name\" content=\"Canadian Screen &amp; Shade\" \/>\n<meta property=\"article:modified_time\" content=\"2023-03-10T12:24:42+00:00\" \/>\n<meta property=\"og:image\" content=\"https:\/\/canadascreenandshade.ca\/wp-content\/uploads\/2023\/02\/37583734_1900982696630346_6494776238509391872_n-1-1024x802.jpeg\" \/>\n<meta name=\"twitter:card\" content=\"summary_large_image\" \/>\n<meta name=\"twitter:label1\" content=\"Estimation du temps de lecture\" \/>\n\t<meta name=\"twitter:data1\" content=\"2 minutes\" \/>\n<script type=\"application\/ld+json\" class=\"yoast-schema-graph\">{\"@context\":\"https:\\\/\\\/schema.org\",\"@graph\":[{\"@type\":\"WebPage\",\"@id\":\"https:\\\/\\\/canadascreenandshade.ca\\\/about\\\/\",\"url\":\"https:\\\/\\\/canadascreenandshade.ca\\\/about\\\/\",\"name\":\"About - Canadian Screen &amp; Shade\",\"isPartOf\":{\"@id\":\"https:\\\/\\\/canadascreenandshade.ca\\\/#website\"},\"primaryImageOfPage\":{\"@id\":\"https:\\\/\\\/canadascreenandshade.ca\\\/about\\\/#primaryimage\"},\"image\":{\"@id\":\"https:\\\/\\\/canadascreenandshade.ca\\\/about\\\/#primaryimage\"},\"thumbnailUrl\":\"https:\\\/\\\/canadascreenandshade.ca\\\/wp-content\\\/uploads\\\/2023\\\/02\\\/37583734_1900982696630346_6494776238509391872_n-1-1024x802.jpeg\",\"datePublished\":\"2023-02-03T13:00:45+00:00\",\"dateModified\":\"2023-03-10T12:24:42+00:00\",\"breadcrumb\":{\"@id\":\"https:\\\/\\\/canadascreenandshade.ca\\\/about\\\/#breadcrumb\"},\"inLanguage\":\"fr-CA\",\"potentialAction\":[{\"@type\":\"ReadAction\",\"target\":[\"https:\\\/\\\/canadascreenandshade.ca\\\/about\\\/\"]}]},{\"@type\":\"ImageObject\",\"inLanguage\":\"fr-CA\",\"@id\":\"https:\\\/\\\/canadascreenandshade.ca\\\/about\\\/#primaryimage\",\"url\":\"https:\\\/\\\/canadascreenandshade.ca\\\/wp-content\\\/uploads\\\/2023\\\/02\\\/37583734_1900982696630346_6494776238509391872_n-1-1024x802.jpeg\",\"contentUrl\":\"https:\\\/\\\/canadascreenandshade.ca\\\/wp-content\\\/uploads\\\/2023\\\/02\\\/37583734_1900982696630346_6494776238509391872_n-1-1024x802.jpeg\"},{\"@type\":\"BreadcrumbList\",\"@id\":\"https:\\\/\\\/canadascreenandshade.ca\\\/about\\\/#breadcrumb\",\"itemListElement\":[{\"@type\":\"ListItem\",\"position\":1,\"name\":\"Home\",\"item\":\"https:\\\/\\\/canadascreenandshade.ca\\\/\"},{\"@type\":\"ListItem\",\"position\":2,\"name\":\"About\"}]},{\"@type\":\"WebSite\",\"@id\":\"https:\\\/\\\/canadascreenandshade.ca\\\/#website\",\"url\":\"https:\\\/\\\/canadascreenandshade.ca\\\/\",\"name\":\"Canadian Screen &amp; Shade\",\"description\":\"My WordPress Blog\",\"potentialAction\":[{\"@type\":\"SearchAction\",\"target\":{\"@type\":\"EntryPoint\",\"urlTemplate\":\"https:\\\/\\\/canadascreenandshade.ca\\\/?s={search_term_string}\"},\"query-input\":{\"@type\":\"PropertyValueSpecification\",\"valueRequired\":true,\"valueName\":\"search_term_string\"}}],\"inLanguage\":\"fr-CA\"}]}<\/script>\n<!-- \/ Yoast SEO plugin. -->","yoast_head_json":{"title":"About - Canadian Screen &amp; Shade","robots":{"index":"index","follow":"follow","max-snippet":"max-snippet:-1","max-image-preview":"max-image-preview:large","max-video-preview":"max-video-preview:-1"},"canonical":"https:\/\/canadascreenandshade.ca\/fr\/about\/","og_locale":"fr_CA","og_type":"article","og_title":"About - Canadian Screen &amp; Shade","og_description":"About Us About Us About Canada Screen &#038; Shade Canada Screen and Shade is a proud family business with more than 40 years of experience in the fenestration industry. There is not much that we can\u2019t do in terms of providing a screen and shade solution. We specialize in providing our customers with the ultimate [&hellip;]","og_url":"https:\/\/canadascreenandshade.ca\/fr\/about\/","og_site_name":"Canadian Screen &amp; Shade","article_modified_time":"2023-03-10T12:24:42+00:00","og_image":[{"url":"https:\/\/canadascreenandshade.ca\/wp-content\/uploads\/2023\/02\/37583734_1900982696630346_6494776238509391872_n-1-1024x802.jpeg","type":"","width":"","height":""}],"twitter_card":"summary_large_image","twitter_misc":{"Estimation du temps de lecture":"2 minutes"},"schema":{"@context":"https:\/\/schema.org","@graph":[{"@type":"WebPage","@id":"https:\/\/canadascreenandshade.ca\/about\/","url":"https:\/\/canadascreenandshade.ca\/about\/","name":"About - Canadian Screen &amp; Shade","isPartOf":{"@id":"https:\/\/canadascreenandshade.ca\/#website"},"primaryImageOfPage":{"@id":"https:\/\/canadascreenandshade.ca\/about\/#primaryimage"},"image":{"@id":"https:\/\/canadascreenandshade.ca\/about\/#primaryimage"},"thumbnailUrl":"https:\/\/canadascreenandshade.ca\/wp-content\/uploads\/2023\/02\/37583734_1900982696630346_6494776238509391872_n-1-1024x802.jpeg","datePublished":"2023-02-03T13:00:45+00:00","dateModified":"2023-03-10T12:24:42+00:00","breadcrumb":{"@id":"https:\/\/canadascreenandshade.ca\/about\/#breadcrumb"},"inLanguage":"fr-CA","potentialAction":[{"@type":"ReadAction","target":["https:\/\/canadascreenandshade.ca\/about\/"]}]},{"@type":"ImageObject","inLanguage":"fr-CA","@id":"https:\/\/canadascreenandshade.ca\/about\/#primaryimage","url":"https:\/\/canadascreenandshade.ca\/wp-content\/uploads\/2023\/02\/37583734_1900982696630346_6494776238509391872_n-1-1024x802.jpeg","contentUrl":"https:\/\/canadascreenandshade.ca\/wp-content\/uploads\/2023\/02\/37583734_1900982696630346_6494776238509391872_n-1-1024x802.jpeg"},{"@type":"BreadcrumbList","@id":"https:\/\/canadascreenandshade.ca\/about\/#breadcrumb","itemListElement":[{"@type":"ListItem","position":1,"name":"Home","item":"https:\/\/canadascreenandshade.ca\/"},{"@type":"ListItem","position":2,"name":"About"}]},{"@type":"WebSite","@id":"https:\/\/canadascreenandshade.ca\/#website","url":"https:\/\/canadascreenandshade.ca\/","name":"\u00c9cran et ombre canadiens","description":"Mon blog WordPress","potentialAction":[{"@type":"SearchAction","target":{"@type":"EntryPoint","urlTemplate":"https:\/\/canadascreenandshade.ca\/?s={search_term_string}"},"query-input":{"@type":"PropertyValueSpecification","valueRequired":true,"valueName":"search_term_string"}}],"inLanguage":"fr-CA"}]}},"_links":{"self":[{"href":"https:\/\/canadascreenandshade.ca\/fr\/wp-json\/wp\/v2\/pages\/103","targetHints":{"allow":["GET"]}}],"collection":[{"href":"https:\/\/canadascreenandshade.ca\/fr\/wp-json\/wp\/v2\/pages"}],"about":[{"href":"https:\/\/canadascreenandshade.ca\/fr\/wp-json\/wp\/v2\/types\/page"}],"author":[{"embeddable":true,"href":"https:\/\/canadascreenandshade.ca\/fr\/wp-json\/wp\/v2\/users\/1"}],"replies":[{"embeddable":true,"href":"https:\/\/canadascreenandshade.ca\/fr\/wp-json\/wp\/v2\/comments?post=103"}],"version-history":[{"count":5,"href":"https:\/\/canadascreenandshade.ca\/fr\/wp-json\/wp\/v2\/pages\/103\/revisions"}],"predecessor-version":[{"id":2731,"href":"https:\/\/canadascreenandshade.ca\/fr\/wp-json\/wp\/v2\/pages\/103\/revisions\/2731"}],"wp:attachment":[{"href":"https:\/\/canadascreenandshade.ca\/fr\/wp-json\/wp\/v2\/media?parent=103"}],"curies":[{"name":"wp","href":"https:\/\/api.w.org\/{rel}","templated":true}]}}